{"id":462,"date":"2025-08-04T03:05:04","date_gmt":"2025-08-04T03:05:04","guid":{"rendered":"https:\/\/www.unicomas.com\/?page_id=462"},"modified":"2025-08-04T09:44:58","modified_gmt":"2025-08-04T09:44:58","slug":"conditions-of-use","status":"publish","type":"page","link":"https:\/\/www.unicomas.com\/?page_id=462","title":{"rendered":"T\u00e9rminos de Uso"},"content":{"rendered":"\t\t<div data-elementor-type=\"wp-page\" data-elementor-id=\"462\" class=\"elementor elementor-462\" data-elementor-post-type=\"page\">\n\t\t\t\t<div class=\"elementor-element elementor-element-8e6f54b e-flex e-con-boxed e-con e-parent\" data-id=\"8e6f54b\" data-element_type=\"container\">\n\t\t\t\t\t<div class=\"e-con-inner\">\n\t\t\t\t<div class=\"elementor-element elementor-element-bedc372 elementor-widget elementor-widget-heading\" data-id=\"bedc372\" data-element_type=\"widget\" data-widget_type=\"heading.default\">\n\t\t\t\t\t<h2 class=\"elementor-heading-title elementor-size-default\">T\u00e9rminos de Uso\n<\/h2>\t\t\t\t<\/div>\n\t\t\t\t<div class=\"elementor-element elementor-element-a64e48f elementor-widget elementor-widget-text-editor\" data-id=\"a64e48f\" data-element_type=\"widget\" data-widget_type=\"text-editor.default\">\n\t\t\t\t\t\t\t\t\t<p>Estos T\u00e9rminos y Condiciones (\u00abT\u00e9rminos\u00bb) controlan c\u00f3mo accedes y usas el sitio web, servicios y aplicaciones de Unicomas (en conjunto llamados el \u00abServicio\u00bb). Al usar el Servicio, aceptas estos T\u00e9rminos y nuestra Pol\u00edtica de Privacidad. Si no est\u00e1s de acuerdo con alguna parte de estos T\u00e9rminos, por favor no uses el Servicio.<\/p>\t\t\t\t\t\t\t\t<\/div>\n\t\t\t\t<div class=\"elementor-element elementor-element-3b5eaeb elementor-widget elementor-widget-heading\" data-id=\"3b5eaeb\" data-element_type=\"widget\" data-widget_type=\"heading.default\">\n\t\t\t\t\t<h2 class=\"elementor-heading-title elementor-size-default\">1. Resumen del Acuerdo\n\n<\/h2>\t\t\t\t<\/div>\n\t\t\t\t<div class=\"elementor-element elementor-element-a50f47f elementor-widget elementor-widget-text-editor\" data-id=\"a50f47f\" data-element_type=\"widget\" data-widget_type=\"text-editor.default\">\n\t\t\t\t\t\t\t\t\t<p>Al visitar Unicomas, confirmas que has le\u00eddo, entendido y aceptado estos T\u00e9rminos. Si est\u00e1s usando el Servicio para una organizaci\u00f3n, confirmas que tienes la autoridad para aceptar estos T\u00e9rminos en nombre de esa organizaci\u00f3n.<\/p>\t\t\t\t\t\t\t\t<\/div>\n\t\t\t\t<div class=\"elementor-element elementor-element-96855c7 elementor-widget elementor-widget-heading\" data-id=\"96855c7\" data-element_type=\"widget\" data-widget_type=\"heading.default\">\n\t\t\t\t\t<h2 class=\"elementor-heading-title elementor-size-default\">2. Descripci\u00f3n del Servicio\n\n<\/h2>\t\t\t\t<\/div>\n\t\t\t\t<div class=\"elementor-element elementor-element-e0e3196 elementor-widget elementor-widget-text-editor\" data-id=\"e0e3196\" data-element_type=\"widget\" data-widget_type=\"text-editor.default\">\n\t\t\t\t\t\t\t\t\t<p>Unicomas proporciona evaluaciones integrales de productos, clasificaciones y an\u00e1lisis detallados dise\u00f1ados para ayudar a los consumidores a tomar decisiones de compra informadas.<\/p>\t\t\t\t\t\t\t\t<\/div>\n\t\t\t\t<div class=\"elementor-element elementor-element-f21c01a elementor-widget elementor-widget-text-editor\" data-id=\"f21c01a\" data-element_type=\"widget\" data-widget_type=\"text-editor.default\">\n\t\t\t\t\t\t\t\t\t<p><strong>2.1. Metodolog\u00eda de Evaluaci\u00f3n<\/strong><\/p>\t\t\t\t\t\t\t\t<\/div>\n\t\t\t\t<div class=\"elementor-element elementor-element-8df1f10 elementor-widget elementor-widget-text-editor\" data-id=\"8df1f10\" data-element_type=\"widget\" data-widget_type=\"text-editor.default\">\n\t\t\t\t\t\t\t\t\t<ul><li>Procesos independientes de pruebas e investigaci\u00f3n de productos<\/li><li>An\u00e1lisis basado en hechos y medidas claras de rendimiento<\/li><li>Rese\u00f1as profesionales y comparaciones de mercado<\/li><li>Actualizaciones regulares e investigaci\u00f3n continua del mercado<\/li><\/ul>\t\t\t\t\t\t\t\t<\/div>\n\t\t\t\t<div class=\"elementor-element elementor-element-c61deb8 elementor-widget elementor-widget-text-editor\" data-id=\"c61deb8\" data-element_type=\"widget\" data-widget_type=\"text-editor.default\">\n\t\t\t\t\t\t\t\t\t<p><strong>2.2. Contribuciones de Usuarios<\/strong><\/p>\t\t\t\t\t\t\t\t<\/div>\n\t\t\t\t<div class=\"elementor-element elementor-element-78bf40a elementor-widget elementor-widget-text-editor\" data-id=\"78bf40a\" data-element_type=\"widget\" data-widget_type=\"text-editor.default\">\n\t\t\t\t\t\t\t\t\t<ul><li>Participaci\u00f3n en comentarios y rese\u00f1as de usuarios<\/li><li>Reglas de revisi\u00f3n y gesti\u00f3n de contenido<\/li><li>Responsabilidades y expectativas de usuarios<\/li><li>Pautas para el uso de contenido<\/li><\/ul>\t\t\t\t\t\t\t\t<\/div>\n\t\t\t\t<div class=\"elementor-element elementor-element-aa6f585 elementor-widget elementor-widget-heading\" data-id=\"aa6f585\" data-element_type=\"widget\" data-widget_type=\"heading.default\">\n\t\t\t\t\t<h2 class=\"elementor-heading-title elementor-size-default\">3. Relaciones Comerciales<\/h2>\t\t\t\t<\/div>\n\t\t\t\t<div class=\"elementor-element elementor-element-7268147 elementor-widget elementor-widget-text-editor\" data-id=\"7268147\" data-element_type=\"widget\" data-widget_type=\"text-editor.default\">\n\t\t\t\t\t\t\t\t\t<p>Unicomas trabaja con empresas asociadas y redes publicitarias. Aunque ganamos dinero de estas asociaciones, no cambian c\u00f3mo probamos productos ni afectan nuestras rese\u00f1as honestas.<\/p>\t\t\t\t\t\t\t\t<\/div>\n\t\t\t\t<div class=\"elementor-element elementor-element-0443b70 elementor-widget elementor-widget-text-editor\" data-id=\"0443b70\" data-element_type=\"widget\" data-widget_type=\"text-editor.default\">\n\t\t\t\t\t\t\t\t\t<p><strong>3.1. Pol\u00edtica de Divulgaci\u00f3n<\/strong><\/p>\t\t\t\t\t\t\t\t<\/div>\n\t\t\t\t<div class=\"elementor-element elementor-element-5b2dc70 elementor-widget elementor-widget-text-editor\" data-id=\"5b2dc70\" data-element_type=\"widget\" data-widget_type=\"text-editor.default\">\n\t\t\t\t\t\t\t\t\t<ul><li>Participaci\u00f3n en comentarios y rese\u00f1as de usuarios<\/li><li>Reglas de revisi\u00f3n y gesti\u00f3n de contenido<\/li><li>Responsabilidades y expectativas de usuarios<\/li><li>Pautas para el uso de contenido<\/li><\/ul>\t\t\t\t\t\t\t\t<\/div>\n\t\t\t\t<div class=\"elementor-element elementor-element-abc98e9 elementor-widget elementor-widget-heading\" data-id=\"abc98e9\" data-element_type=\"widget\" data-widget_type=\"heading.default\">\n\t\t\t\t\t<h2 class=\"elementor-heading-title elementor-size-default\">4. Derechos de Propiedad Intelectual<\/h2>\t\t\t\t<\/div>\n\t\t\t\t<div class=\"elementor-element elementor-element-c2e548b elementor-widget elementor-widget-text-editor\" data-id=\"c2e548b\" data-element_type=\"widget\" data-widget_type=\"text-editor.default\">\n\t\t\t\t\t\t\t\t\t<p>Todo el contenido, incluyendo texto, gr\u00e1ficos, logotipos y m\u00e9todos de prueba, est\u00e1 protegido bajo las leyes de derechos de autor y propiedad intelectual. Usar cualquier contenido sin permiso no est\u00e1 permitido.<\/p>\t\t\t\t\t\t\t\t<\/div>\n\t\t\t\t<div class=\"elementor-element elementor-element-1a23a60 elementor-widget elementor-widget-heading\" data-id=\"1a23a60\" data-element_type=\"widget\" data-widget_type=\"heading.default\">\n\t\t\t\t\t<h2 class=\"elementor-heading-title elementor-size-default\">5. Descargo de Responsabilidad del Servicio<\/h2>\t\t\t\t<\/div>\n\t\t\t\t<div class=\"elementor-element elementor-element-929ab43 elementor-widget elementor-widget-text-editor\" data-id=\"929ab43\" data-element_type=\"widget\" data-widget_type=\"text-editor.default\">\n\t\t\t\t\t\t\t\t\t<p>Unicomas proporciona sus servicios \u00abtal como son\u00bb y \u00abseg\u00fan disponibilidad\u00bb. Aunque nos esforzamos por la excelencia, no podemos garantizar:<\/p>\t\t\t\t\t\t\t\t<\/div>\n\t\t\t\t<div class=\"elementor-element elementor-element-f36cb74 elementor-widget elementor-widget-text-editor\" data-id=\"f36cb74\" data-element_type=\"widget\" data-widget_type=\"text-editor.default\">\n\t\t\t\t\t\t\t\t\t<ul><li>Disponibilidad continua o ininterrumpida del sitio web<\/li><li>Precisi\u00f3n completa de toda la informaci\u00f3n proporcionada<\/li><li>Actualizaciones de datos de mercado en tiempo real<\/li><li>Disponibilidad universal de todos los productos<\/li><\/ul>\t\t\t\t\t\t\t\t<\/div>\n\t\t\t\t<div class=\"elementor-element elementor-element-e20870d elementor-widget elementor-widget-heading\" data-id=\"e20870d\" data-element_type=\"widget\" data-widget_type=\"heading.default\">\n\t\t\t\t\t<h2 class=\"elementor-heading-title elementor-size-default\">6. Limitaciones de Responsabilidad\n\n<\/h2>\t\t\t\t<\/div>\n\t\t\t\t<div class=\"elementor-element elementor-element-2430e57 elementor-widget elementor-widget-text-editor\" data-id=\"2430e57\" data-element_type=\"widget\" data-widget_type=\"text-editor.default\">\n\t\t\t\t\t\t\t\t\t<p>Unicomas y sus socios no son responsables de ning\u00fan problema que pueda ocurrir por usar nuestro sitio web, incluyendo:<\/p>\t\t\t\t\t\t\t\t<\/div>\n\t\t\t\t<div class=\"elementor-element elementor-element-51d95f3 elementor-widget elementor-widget-text-editor\" data-id=\"51d95f3\" data-element_type=\"widget\" data-widget_type=\"text-editor.default\">\n\t\t\t\t\t\t\t\t\t<ul><li>P\u00e9rdidas financieras de cualquier tipo<\/li><li>Informaci\u00f3n perdida o da\u00f1ada<\/li><li>Interrupciones de trabajo o negocio<\/li><li>Situaciones de lesiones personales<\/li><\/ul>\t\t\t\t\t\t\t\t<\/div>\n\t\t\t\t<div class=\"elementor-element elementor-element-647b00d elementor-widget elementor-widget-heading\" data-id=\"647b00d\" data-element_type=\"widget\" data-widget_type=\"heading.default\">\n\t\t\t\t\t<h2 class=\"elementor-heading-title elementor-size-default\">7. Responsabilidades del Usuario\n\n<\/h2>\t\t\t\t<\/div>\n\t\t\t\t<div class=\"elementor-element elementor-element-dee1a1a elementor-widget elementor-widget-text-editor\" data-id=\"dee1a1a\" data-element_type=\"widget\" data-widget_type=\"text-editor.default\">\n\t\t\t\t\t\t\t\t\t<p>Los usuarios de Unicomas acuerdan:<\/p>\t\t\t\t\t\t\t\t<\/div>\n\t\t\t\t<div class=\"elementor-element elementor-element-0545563 elementor-widget elementor-widget-text-editor\" data-id=\"0545563\" data-element_type=\"widget\" data-widget_type=\"text-editor.default\">\n\t\t\t\t\t\t\t\t\t<ul><li>Proporcionar detalles personales veraces<\/li><li>Mantener segura la informaci\u00f3n de su cuenta<\/li><li>Respetar el trabajo creativo y los derechos de autor de otros<\/li><li>Seguir todas las leyes y reglas aplicables<\/li><\/ul>\t\t\t\t\t\t\t\t<\/div>\n\t\t\t\t<div class=\"elementor-element elementor-element-303f42e elementor-widget elementor-widget-heading\" data-id=\"303f42e\" data-element_type=\"widget\" data-widget_type=\"heading.default\">\n\t\t\t\t\t<h2 class=\"elementor-heading-title elementor-size-default\">Aviso Importante\n<\/h2>\t\t\t\t<\/div>\n\t\t\t\t<div class=\"elementor-element elementor-element-b6b7b5a elementor-widget elementor-widget-text-editor\" data-id=\"b6b7b5a\" data-element_type=\"widget\" data-widget_type=\"text-editor.default\">\n\t\t\t\t\t\t\t\t\t<p>Estas reglas pueden cambiar de vez en cuando. Si contin\u00faas usando Unicomas despu\u00e9s de que hagamos cambios, significa que aceptas las nuevas reglas. Sugerimos revisar estos t\u00e9rminos regularmente.<\/p>\t\t\t\t\t\t\t\t<\/div>\n\t\t\t\t<div class=\"elementor-element elementor-element-1c24926 elementor-widget elementor-widget-heading\" data-id=\"1c24926\" data-element_type=\"widget\" data-widget_type=\"heading.default\">\n\t\t\t\t\t<h2 class=\"elementor-heading-title elementor-size-default\">8. Ley Aplicable<\/h2>\t\t\t\t<\/div>\n\t\t\t\t<div class=\"elementor-element elementor-element-dd359ed elementor-widget elementor-widget-text-editor\" data-id=\"dd359ed\" data-element_type=\"widget\" data-widget_type=\"text-editor.default\">\n\t\t\t\t\t\t\t\t\t<p>Estos t\u00e9rminos siguen las leyes que se aplican a nuestro servicio, sin importar d\u00f3nde vivas o qu\u00e9 conflictos legales puedan surgir.<\/p>\t\t\t\t\t\t\t\t<\/div>\n\t\t\t\t<div class=\"elementor-element elementor-element-42efb82 elementor-widget elementor-widget-heading\" data-id=\"42efb82\" data-element_type=\"widget\" data-widget_type=\"heading.default\">\n\t\t\t\t\t<h2 class=\"elementor-heading-title elementor-size-default\">Informaci\u00f3n de Contacto<\/h2>\t\t\t\t<\/div>\n\t\t\t\t<div class=\"elementor-element elementor-element-c7eb027 elementor-widget elementor-widget-text-editor\" data-id=\"c7eb027\" data-element_type=\"widget\" data-widget_type=\"text-editor.default\">\n\t\t\t\t\t\t\t\t\t<p>Para cualquier pregunta o inquietud sobre estos T\u00e9rminos y Condiciones, por favor cont\u00e1ctanos:<br \/>Correo electr\u00f3nico: support@unicomas.com<br \/>Horario de atenci\u00f3n: Lunes a viernes, 8:00 AM \u2013 5:00 PM EST<\/p>\t\t\t\t\t\t\t\t<\/div>\n\t\t\t\t\t<\/div>\n\t\t\t\t<\/div>\n\t\t\t\t<\/div>\n\t\t","protected":false},"excerpt":{"rendered":"<p>T\u00e9rminos de Uso Estos T\u00e9rminos y Condiciones (\u00abT\u00e9rminos\u00bb) controlan c\u00f3mo accedes y usas el sitio web, servicios y aplicaciones de Unicomas (en conjunto llamados el \u00abServicio\u00bb). Al usar el Servicio, aceptas estos T\u00e9rminos y nuestra Pol\u00edtica de Privacidad. Si no est\u00e1s de acuerdo con alguna parte de estos T\u00e9rminos, por favor no uses el Servicio. [&hellip;]<\/p>\n","protected":false},"author":3,"featured_media":0,"parent":0,"menu_order":0,"comment_status":"closed","ping_status":"closed","template":"elementor_header_footer","meta":{"_acf_changed":false,"footnotes":""},"class_list":["post-462","page","type-page","status-publish","hentry"],"acf":[],"yoast_head":"<!-- This site is optimized with the Yoast SEO plugin v25.5 - https:\/\/yoast.com\/wordpress\/plugins\/seo\/ -->\n<title>T\u00e9rminos de Uso - UnicoMas<\/title>\n<meta name=\"robots\" content=\"index, follow, max-snippet:-1, max-image-preview:large, max-video-preview:-1\" \/>\n<link rel=\"canonical\" href=\"https:\/\/www.unicomas.com\/?page_id=462\" \/>\n<meta property=\"og:locale\" content=\"es_ES\" \/>\n<meta property=\"og:type\" content=\"article\" \/>\n<meta property=\"og:title\" content=\"T\u00e9rminos de Uso - UnicoMas\" \/>\n<meta property=\"og:description\" content=\"T\u00e9rminos de Uso Estos T\u00e9rminos y Condiciones (\u00abT\u00e9rminos\u00bb) controlan c\u00f3mo accedes y usas el sitio web, servicios y aplicaciones de Unicomas (en conjunto llamados el \u00abServicio\u00bb). Al usar el Servicio, aceptas estos T\u00e9rminos y nuestra Pol\u00edtica de Privacidad. Si no est\u00e1s de acuerdo con alguna parte de estos T\u00e9rminos, por favor no uses el Servicio. [&hellip;]\" \/>\n<meta property=\"og:url\" content=\"https:\/\/www.unicomas.com\/?page_id=462\" \/>\n<meta property=\"og:site_name\" content=\"UnicoMas\" \/>\n<meta property=\"article:modified_time\" content=\"2025-08-04T09:44:58+00:00\" \/>\n<meta name=\"twitter:card\" content=\"summary_large_image\" \/>\n<meta name=\"twitter:label1\" content=\"Tiempo de lectura\" \/>\n\t<meta name=\"twitter:data1\" content=\"3 minutos\" \/>\n<script type=\"application\/ld+json\" class=\"yoast-schema-graph\">{\"@context\":\"https:\/\/schema.org\",\"@graph\":[{\"@type\":\"WebPage\",\"@id\":\"https:\/\/www.unicomas.com\/?page_id=462\",\"url\":\"https:\/\/www.unicomas.com\/?page_id=462\",\"name\":\"T\u00e9rminos de Uso - UnicoMas\",\"isPartOf\":{\"@id\":\"https:\/\/www.unicomas.com\/#website\"},\"datePublished\":\"2025-08-04T03:05:04+00:00\",\"dateModified\":\"2025-08-04T09:44:58+00:00\",\"breadcrumb\":{\"@id\":\"https:\/\/www.unicomas.com\/?page_id=462#breadcrumb\"},\"inLanguage\":\"es\",\"potentialAction\":[{\"@type\":\"ReadAction\",\"target\":[\"https:\/\/www.unicomas.com\/?page_id=462\"]}]},{\"@type\":\"BreadcrumbList\",\"@id\":\"https:\/\/www.unicomas.com\/?page_id=462#breadcrumb\",\"itemListElement\":[{\"@type\":\"ListItem\",\"position\":1,\"name\":\"Home\",\"item\":\"https:\/\/www.unicomas.com\/\"},{\"@type\":\"ListItem\",\"position\":2,\"name\":\"T\u00e9rminos de Uso\"}]},{\"@type\":\"WebSite\",\"@id\":\"https:\/\/www.unicomas.com\/#website\",\"url\":\"https:\/\/www.unicomas.com\/\",\"name\":\"UnicoMas\",\"description\":\"\",\"publisher\":{\"@id\":\"https:\/\/www.unicomas.com\/#organization\"},\"potentialAction\":[{\"@type\":\"SearchAction\",\"target\":{\"@type\":\"EntryPoint\",\"urlTemplate\":\"https:\/\/www.unicomas.com\/?s={search_term_string}\"},\"query-input\":{\"@type\":\"PropertyValueSpecification\",\"valueRequired\":true,\"valueName\":\"search_term_string\"}}],\"inLanguage\":\"es\"},{\"@type\":\"Organization\",\"@id\":\"https:\/\/www.unicomas.com\/#organization\",\"name\":\"UnicoMas\",\"url\":\"https:\/\/www.unicomas.com\/\",\"logo\":{\"@type\":\"ImageObject\",\"inLanguage\":\"es\",\"@id\":\"https:\/\/www.unicomas.com\/#\/schema\/logo\/image\/\",\"url\":\"https:\/\/www.unicomas.com\/wp-content\/uploads\/2025\/07\/uni-comas-logo-scaled.png\",\"contentUrl\":\"https:\/\/www.unicomas.com\/wp-content\/uploads\/2025\/07\/uni-comas-logo-scaled.png\",\"width\":2560,\"height\":574,\"caption\":\"UnicoMas\"},\"image\":{\"@id\":\"https:\/\/www.unicomas.com\/#\/schema\/logo\/image\/\"}}]}<\/script>\n<!-- \/ Yoast SEO plugin. -->","yoast_head_json":{"title":"T\u00e9rminos de Uso - UnicoMas","robots":{"index":"index","follow":"follow","max-snippet":"max-snippet:-1","max-image-preview":"max-image-preview:large","max-video-preview":"max-video-preview:-1"},"canonical":"https:\/\/www.unicomas.com\/?page_id=462","og_locale":"es_ES","og_type":"article","og_title":"T\u00e9rminos de Uso - UnicoMas","og_description":"T\u00e9rminos de Uso Estos T\u00e9rminos y Condiciones (\u00abT\u00e9rminos\u00bb) controlan c\u00f3mo accedes y usas el sitio web, servicios y aplicaciones de Unicomas (en conjunto llamados el \u00abServicio\u00bb). Al usar el Servicio, aceptas estos T\u00e9rminos y nuestra Pol\u00edtica de Privacidad. Si no est\u00e1s de acuerdo con alguna parte de estos T\u00e9rminos, por favor no uses el Servicio. [&hellip;]","og_url":"https:\/\/www.unicomas.com\/?page_id=462","og_site_name":"UnicoMas","article_modified_time":"2025-08-04T09:44:58+00:00","twitter_card":"summary_large_image","twitter_misc":{"Tiempo de lectura":"3 minutos"},"schema":{"@context":"https:\/\/schema.org","@graph":[{"@type":"WebPage","@id":"https:\/\/www.unicomas.com\/?page_id=462","url":"https:\/\/www.unicomas.com\/?page_id=462","name":"T\u00e9rminos de Uso - UnicoMas","isPartOf":{"@id":"https:\/\/www.unicomas.com\/#website"},"datePublished":"2025-08-04T03:05:04+00:00","dateModified":"2025-08-04T09:44:58+00:00","breadcrumb":{"@id":"https:\/\/www.unicomas.com\/?page_id=462#breadcrumb"},"inLanguage":"es","potentialAction":[{"@type":"ReadAction","target":["https:\/\/www.unicomas.com\/?page_id=462"]}]},{"@type":"BreadcrumbList","@id":"https:\/\/www.unicomas.com\/?page_id=462#breadcrumb","itemListElement":[{"@type":"ListItem","position":1,"name":"Home","item":"https:\/\/www.unicomas.com\/"},{"@type":"ListItem","position":2,"name":"T\u00e9rminos de Uso"}]},{"@type":"WebSite","@id":"https:\/\/www.unicomas.com\/#website","url":"https:\/\/www.unicomas.com\/","name":"UnicoMas","description":"","publisher":{"@id":"https:\/\/www.unicomas.com\/#organization"},"potentialAction":[{"@type":"SearchAction","target":{"@type":"EntryPoint","urlTemplate":"https:\/\/www.unicomas.com\/?s={search_term_string}"},"query-input":{"@type":"PropertyValueSpecification","valueRequired":true,"valueName":"search_term_string"}}],"inLanguage":"es"},{"@type":"Organization","@id":"https:\/\/www.unicomas.com\/#organization","name":"UnicoMas","url":"https:\/\/www.unicomas.com\/","logo":{"@type":"ImageObject","inLanguage":"es","@id":"https:\/\/www.unicomas.com\/#\/schema\/logo\/image\/","url":"https:\/\/www.unicomas.com\/wp-content\/uploads\/2025\/07\/uni-comas-logo-scaled.png","contentUrl":"https:\/\/www.unicomas.com\/wp-content\/uploads\/2025\/07\/uni-comas-logo-scaled.png","width":2560,"height":574,"caption":"UnicoMas"},"image":{"@id":"https:\/\/www.unicomas.com\/#\/schema\/logo\/image\/"}}]}},"_links":{"self":[{"href":"https:\/\/www.unicomas.com\/index.php?rest_route=\/wp\/v2\/pages\/462","targetHints":{"allow":["GET"]}}],"collection":[{"href":"https:\/\/www.unicomas.com\/index.php?rest_route=\/wp\/v2\/pages"}],"about":[{"href":"https:\/\/www.unicomas.com\/index.php?rest_route=\/wp\/v2\/types\/page"}],"author":[{"embeddable":true,"href":"https:\/\/www.unicomas.com\/index.php?rest_route=\/wp\/v2\/users\/3"}],"replies":[{"embeddable":true,"href":"https:\/\/www.unicomas.com\/index.php?rest_route=%2Fwp%2Fv2%2Fcomments&post=462"}],"version-history":[{"count":5,"href":"https:\/\/www.unicomas.com\/index.php?rest_route=\/wp\/v2\/pages\/462\/revisions"}],"predecessor-version":[{"id":549,"href":"https:\/\/www.unicomas.com\/index.php?rest_route=\/wp\/v2\/pages\/462\/revisions\/549"}],"wp:attachment":[{"href":"https:\/\/www.unicomas.com\/index.php?rest_route=%2Fwp%2Fv2%2Fmedia&parent=462"}],"curies":[{"name":"wp","href":"https:\/\/api.w.org\/{rel}","templated":true}]}}