{"id":454,"date":"2025-08-04T03:01:43","date_gmt":"2025-08-04T03:01:43","guid":{"rendered":"https:\/\/www.unicomas.com\/?page_id=454"},"modified":"2025-08-04T09:29:01","modified_gmt":"2025-08-04T09:29:01","slug":"confidentiality","status":"publish","type":"page","link":"https:\/\/www.unicomas.com\/?page_id=454","title":{"rendered":"Pol\u00edtica de Privacidad"},"content":{"rendered":"\t\t<div data-elementor-type=\"wp-page\" data-elementor-id=\"454\" class=\"elementor elementor-454\" data-elementor-post-type=\"page\">\n\t\t\t\t<div class=\"elementor-element elementor-element-8e6f54b e-flex e-con-boxed e-con e-parent\" data-id=\"8e6f54b\" data-element_type=\"container\">\n\t\t\t\t\t<div class=\"e-con-inner\">\n\t\t\t\t<div class=\"elementor-element elementor-element-bedc372 elementor-widget elementor-widget-heading\" data-id=\"bedc372\" data-element_type=\"widget\" data-widget_type=\"heading.default\">\n\t\t\t\t\t<h2 class=\"elementor-heading-title elementor-size-default\">Pol\u00edtica de Privacidad\n<\/h2>\t\t\t\t<\/div>\n\t\t\t\t<div class=\"elementor-element elementor-element-3bc8d4e elementor-widget elementor-widget-heading\" data-id=\"3bc8d4e\" data-element_type=\"widget\" data-widget_type=\"heading.default\">\n\t\t\t\t\t<h2 class=\"elementor-heading-title elementor-size-default\">Acerca de Nosotros\n<\/h2>\t\t\t\t<\/div>\n\t\t\t\t<div class=\"elementor-element elementor-element-a64e48f elementor-widget elementor-widget-text-editor\" data-id=\"a64e48f\" data-element_type=\"widget\" data-widget_type=\"text-editor.default\">\n\t\t\t\t\t\t\t\t\t<p>Nuestro sitio web est\u00e1 ubicado en: unicomas.com. Estamos comprometidos a proteger su privacidad y mantener segura su informaci\u00f3n personal cuando utiliza nuestro sitio web.<\/p>\t\t\t\t\t\t\t\t<\/div>\n\t\t\t\t<div class=\"elementor-element elementor-element-9968053 elementor-widget elementor-widget-heading\" data-id=\"9968053\" data-element_type=\"widget\" data-widget_type=\"heading.default\">\n\t\t\t\t\t<h2 class=\"elementor-heading-title elementor-size-default\">Comentarios<\/h2>\t\t\t\t<\/div>\n\t\t\t\t<div class=\"elementor-element elementor-element-2488306 elementor-widget elementor-widget-text-editor\" data-id=\"2488306\" data-element_type=\"widget\" data-widget_type=\"text-editor.default\">\n\t\t\t\t\t\t\t\t\t<p>Cuando las personas dejan comentarios en nuestro sitio web, recopilamos la informaci\u00f3n que proporcionan en el formulario de comentarios, adem\u00e1s de su direcci\u00f3n IP y detalles del navegador para ayudar a prevenir el spam.<\/p><p>\u00a0<\/p><p>Podemos crear una versi\u00f3n codificada de su direcci\u00f3n de correo electr\u00f3nico para verificar si utiliza Gravatar para las fotos de perfil. La pol\u00edtica de privacidad de Gravatar se puede encontrar en: https:\/\/automattic.com\/privacy\/.<\/p><p><br \/>Despu\u00e9s de que aprobemos su comentario, su foto de perfil aparecer\u00e1 p\u00fablicamente junto a \u00e9l.<\/p>\t\t\t\t\t\t\t\t<\/div>\n\t\t\t\t<div class=\"elementor-element elementor-element-becf247 elementor-widget elementor-widget-heading\" data-id=\"becf247\" data-element_type=\"widget\" data-widget_type=\"heading.default\">\n\t\t\t\t\t<h2 class=\"elementor-heading-title elementor-size-default\">Medios<\/h2>\t\t\t\t<\/div>\n\t\t\t\t<div class=\"elementor-element elementor-element-c19efc8 elementor-widget elementor-widget-text-editor\" data-id=\"c19efc8\" data-element_type=\"widget\" data-widget_type=\"text-editor.default\">\n\t\t\t\t\t\t\t\t\t<p>Si subes im\u00e1genes a nuestro sitio web, por favor no incluyas im\u00e1genes con informaci\u00f3n de ubicaci\u00f3n incrustada en ellas (datos EXIF GPS). Otros visitantes podr\u00edan descargar y encontrar esta informaci\u00f3n de ubicaci\u00f3n de tus im\u00e1genes.<\/p>\t\t\t\t\t\t\t\t<\/div>\n\t\t\t\t<div class=\"elementor-element elementor-element-1e24b93 elementor-widget elementor-widget-heading\" data-id=\"1e24b93\" data-element_type=\"widget\" data-widget_type=\"heading.default\">\n\t\t\t\t\t<h2 class=\"elementor-heading-title elementor-size-default\">Cookies<\/h2>\t\t\t\t<\/div>\n\t\t\t\t<div class=\"elementor-element elementor-element-1e5bdcd elementor-widget elementor-widget-text-editor\" data-id=\"1e5bdcd\" data-element_type=\"widget\" data-widget_type=\"text-editor.default\">\n\t\t\t\t\t\t\t\t\t<p>Cuando comentas en nuestro sitio, puedes elegir guardar tu nombre, correo electr\u00f3nico e informaci\u00f3n del sitio web en cookies. Esto facilita completar estos detalles cuando comentes nuevamente. Estas cookies permanecen activas durante un a\u00f1o.<\/p><p><br \/>Si visitas nuestra p\u00e1gina de inicio de sesi\u00f3n, creamos una cookie temporal para probar si tu navegador acepta cookies. Esta cookie no tiene informaci\u00f3n personal y desaparece cuando cierras tu navegador.<\/p><p><br \/>Cuando inicias sesi\u00f3n, establecemos varias cookies para recordar tus detalles de inicio de sesi\u00f3n y preferencias de visualizaci\u00f3n. Las cookies de inicio de sesi\u00f3n duran dos d\u00edas, mientras que las cookies de preferencias de visualizaci\u00f3n duran un a\u00f1o. Si seleccionas \u00abRecordarme\u00bb, permanecer\u00e1s conectado durante dos semanas. Cuando cierras sesi\u00f3n, eliminamos las cookies de inicio de sesi\u00f3n.<\/p><p><br \/>Si escribes o publicas contenido, colocamos otra cookie en tu navegador. Esta cookie no contiene informaci\u00f3n personal y solo muestra el ID del contenido en el que acabas de trabajar. Expira despu\u00e9s de un d\u00eda.<\/p>\t\t\t\t\t\t\t\t<\/div>\n\t\t\t\t<div class=\"elementor-element elementor-element-ecae0e6 elementor-widget elementor-widget-heading\" data-id=\"ecae0e6\" data-element_type=\"widget\" data-widget_type=\"heading.default\">\n\t\t\t\t\t<h2 class=\"elementor-heading-title elementor-size-default\">Contenido Incrustado de Otros Sitios Web<\/h2>\t\t\t\t<\/div>\n\t\t\t\t<div class=\"elementor-element elementor-element-99a9601 elementor-widget elementor-widget-text-editor\" data-id=\"99a9601\" data-element_type=\"widget\" data-widget_type=\"text-editor.default\">\n\t\t\t\t\t\t\t\t\t<p>Nuestros art\u00edculos pueden contener contenido de otros sitios web (como videos, im\u00e1genes o art\u00edculos). Este contenido externo funciona igual que si visitaras esos otros sitios web directamente.<\/p><p><br \/>Estos sitios web externos pueden recopilar informaci\u00f3n sobre ti, usar cookies, agregar herramientas de seguimiento y monitorear c\u00f3mo interact\u00faas con su contenido. Esto incluye verificar si est\u00e1s conectado a sus sitios web.<\/p>\t\t\t\t\t\t\t\t<\/div>\n\t\t\t\t<div class=\"elementor-element elementor-element-c4c6df6 elementor-widget elementor-widget-heading\" data-id=\"c4c6df6\" data-element_type=\"widget\" data-widget_type=\"heading.default\">\n\t\t\t\t\t<h2 class=\"elementor-heading-title elementor-size-default\">Con Qui\u00e9n Compartimos Tus Datos\n<\/h2>\t\t\t\t<\/div>\n\t\t\t\t<div class=\"elementor-element elementor-element-5cbb1a8 elementor-widget elementor-widget-text-editor\" data-id=\"5cbb1a8\" data-element_type=\"widget\" data-widget_type=\"text-editor.default\">\n\t\t\t\t\t\t\t\t\t<p>Si solicitas un restablecimiento de contrase\u00f1a, incluimos tu direcci\u00f3n IP en el correo electr\u00f3nico de restablecimiento por razones de seguridad para proteger tu cuenta.<\/p>\t\t\t\t\t\t\t\t<\/div>\n\t\t\t\t<div class=\"elementor-element elementor-element-5961963 elementor-widget elementor-widget-heading\" data-id=\"5961963\" data-element_type=\"widget\" data-widget_type=\"heading.default\">\n\t\t\t\t\t<h2 class=\"elementor-heading-title elementor-size-default\">Cu\u00e1nto Tiempo Conservamos Tus Datos\n<\/h2>\t\t\t\t<\/div>\n\t\t\t\t<div class=\"elementor-element elementor-element-b4c9271 elementor-widget elementor-widget-text-editor\" data-id=\"b4c9271\" data-element_type=\"widget\" data-widget_type=\"text-editor.default\">\n\t\t\t\t\t\t\t\t\t<p>Si dejas un comentario, mantenemos el comentario y la informaci\u00f3n relacionada permanentemente. Esto nos ayuda a aprobar autom\u00e1ticamente tus futuros comentarios en lugar de revisar cada uno manualmente.<\/p><p><br \/>Para usuarios que crean cuentas en nuestro sitio web, almacenamos la informaci\u00f3n personal que nos proporcionan en su perfil. Todos los usuarios pueden ver, cambiar o eliminar su informaci\u00f3n personal en cualquier momento (excepto su nombre de usuario). Los administradores del sitio web tambi\u00e9n pueden ver y editar esta informaci\u00f3n.<\/p>\t\t\t\t\t\t\t\t<\/div>\n\t\t\t\t<div class=\"elementor-element elementor-element-045c532 elementor-widget elementor-widget-heading\" data-id=\"045c532\" data-element_type=\"widget\" data-widget_type=\"heading.default\">\n\t\t\t\t\t<h2 class=\"elementor-heading-title elementor-size-default\">Qu\u00e9 Derechos Tienes Sobre Tus Datos\n<\/h2>\t\t\t\t<\/div>\n\t\t\t\t<div class=\"elementor-element elementor-element-3e52941 elementor-widget elementor-widget-text-editor\" data-id=\"3e52941\" data-element_type=\"widget\" data-widget_type=\"text-editor.default\">\n\t\t\t\t\t\t\t\t\t<p>Si tienes una cuenta o has comentado en nuestro sitio, puedes solicitar un archivo que contenga toda la informaci\u00f3n personal que tenemos sobre ti, incluyendo cualquier cosa que hayas compartido con nosotros.<\/p><p><br \/>Tambi\u00e9n puedes pedirnos que eliminemos cualquier informaci\u00f3n personal que tengamos sobre ti. Esto no incluye informaci\u00f3n que debemos conservar por motivos comerciales, legales o de seguridad.<\/p>\t\t\t\t\t\t\t\t<\/div>\n\t\t\t\t<div class=\"elementor-element elementor-element-34e9e47 elementor-widget elementor-widget-heading\" data-id=\"34e9e47\" data-element_type=\"widget\" data-widget_type=\"heading.default\">\n\t\t\t\t\t<h2 class=\"elementor-heading-title elementor-size-default\">D\u00f3nde Se Env\u00edan Tus Datos\n<\/h2>\t\t\t\t<\/div>\n\t\t\t\t<div class=\"elementor-element elementor-element-818307b elementor-widget elementor-widget-text-editor\" data-id=\"818307b\" data-element_type=\"widget\" data-widget_type=\"text-editor.default\">\n\t\t\t\t\t\t\t\t\t<p>Utilizamos sistemas automatizados para verificar comentarios en busca de spam, lo que nos ayuda a mantener nuestra comunidad segura y mantener discusiones de calidad.<\/p>\t\t\t\t\t\t\t\t<\/div>\n\t\t\t\t<div class=\"elementor-element elementor-element-15b26a2 elementor-widget elementor-widget-heading\" data-id=\"15b26a2\" data-element_type=\"widget\" data-widget_type=\"heading.default\">\n\t\t\t\t\t<h2 class=\"elementor-heading-title elementor-size-default\">Informaci\u00f3n Adicional\n<\/h2>\t\t\t\t<\/div>\n\t\t\t\t<div class=\"elementor-element elementor-element-d693629 elementor-widget elementor-widget-text-editor\" data-id=\"d693629\" data-element_type=\"widget\" data-widget_type=\"text-editor.default\">\n\t\t\t\t\t\t\t\t\t<p>Para cualquier pregunta sobre privacidad o para ejercer tus derechos de datos, por favor contacta a nuestro equipo de privacidad a trav\u00e9s del formulario de contacto en nuestro sitio web. Normalmente respondemos a todas las preguntas de privacidad dentro de 48 horas h\u00e1biles.<\/p>\t\t\t\t\t\t\t\t<\/div>\n\t\t\t\t\t<\/div>\n\t\t\t\t<\/div>\n\t\t\t\t<\/div>\n\t\t","protected":false},"excerpt":{"rendered":"<p>Pol\u00edtica de Privacidad Acerca de Nosotros Nuestro sitio web est\u00e1 ubicado en: unicomas.com. Estamos comprometidos a proteger su privacidad y mantener segura su informaci\u00f3n personal cuando utiliza nuestro sitio web. Comentarios Cuando las personas dejan comentarios en nuestro sitio web, recopilamos la informaci\u00f3n que proporcionan en el formulario de comentarios, adem\u00e1s de su direcci\u00f3n IP [&hellip;]<\/p>\n","protected":false},"author":3,"featured_media":0,"parent":0,"menu_order":0,"comment_status":"closed","ping_status":"closed","template":"elementor_header_footer","meta":{"_acf_changed":false,"footnotes":""},"class_list":["post-454","page","type-page","status-publish","hentry"],"acf":[],"yoast_head":"<!-- This site is optimized with the Yoast SEO plugin v25.5 - https:\/\/yoast.com\/wordpress\/plugins\/seo\/ -->\n<title>Pol\u00edtica de Privacidad - UnicoMas<\/title>\n<meta name=\"robots\" content=\"index, follow, max-snippet:-1, max-image-preview:large, max-video-preview:-1\" \/>\n<link rel=\"canonical\" href=\"https:\/\/www.unicomas.com\/?page_id=454\" \/>\n<meta property=\"og:locale\" content=\"es_ES\" \/>\n<meta property=\"og:type\" content=\"article\" \/>\n<meta property=\"og:title\" content=\"Pol\u00edtica de Privacidad - UnicoMas\" \/>\n<meta property=\"og:description\" content=\"Pol\u00edtica de Privacidad Acerca de Nosotros Nuestro sitio web est\u00e1 ubicado en: unicomas.com. Estamos comprometidos a proteger su privacidad y mantener segura su informaci\u00f3n personal cuando utiliza nuestro sitio web. Comentarios Cuando las personas dejan comentarios en nuestro sitio web, recopilamos la informaci\u00f3n que proporcionan en el formulario de comentarios, adem\u00e1s de su direcci\u00f3n IP [&hellip;]\" \/>\n<meta property=\"og:url\" content=\"https:\/\/www.unicomas.com\/?page_id=454\" \/>\n<meta property=\"og:site_name\" content=\"UnicoMas\" \/>\n<meta property=\"article:modified_time\" content=\"2025-08-04T09:29:01+00:00\" \/>\n<meta name=\"twitter:card\" content=\"summary_large_image\" \/>\n<meta name=\"twitter:label1\" content=\"Tiempo de lectura\" \/>\n\t<meta name=\"twitter:data1\" content=\"3 minutos\" \/>\n<script type=\"application\/ld+json\" class=\"yoast-schema-graph\">{\"@context\":\"https:\/\/schema.org\",\"@graph\":[{\"@type\":\"WebPage\",\"@id\":\"https:\/\/www.unicomas.com\/?page_id=454\",\"url\":\"https:\/\/www.unicomas.com\/?page_id=454\",\"name\":\"Pol\u00edtica de Privacidad - UnicoMas\",\"isPartOf\":{\"@id\":\"https:\/\/www.unicomas.com\/#website\"},\"datePublished\":\"2025-08-04T03:01:43+00:00\",\"dateModified\":\"2025-08-04T09:29:01+00:00\",\"breadcrumb\":{\"@id\":\"https:\/\/www.unicomas.com\/?page_id=454#breadcrumb\"},\"inLanguage\":\"es\",\"potentialAction\":[{\"@type\":\"ReadAction\",\"target\":[\"https:\/\/www.unicomas.com\/?page_id=454\"]}]},{\"@type\":\"BreadcrumbList\",\"@id\":\"https:\/\/www.unicomas.com\/?page_id=454#breadcrumb\",\"itemListElement\":[{\"@type\":\"ListItem\",\"position\":1,\"name\":\"Home\",\"item\":\"https:\/\/www.unicomas.com\/\"},{\"@type\":\"ListItem\",\"position\":2,\"name\":\"Pol\u00edtica de Privacidad\"}]},{\"@type\":\"WebSite\",\"@id\":\"https:\/\/www.unicomas.com\/#website\",\"url\":\"https:\/\/www.unicomas.com\/\",\"name\":\"UnicoMas\",\"description\":\"\",\"publisher\":{\"@id\":\"https:\/\/www.unicomas.com\/#organization\"},\"potentialAction\":[{\"@type\":\"SearchAction\",\"target\":{\"@type\":\"EntryPoint\",\"urlTemplate\":\"https:\/\/www.unicomas.com\/?s={search_term_string}\"},\"query-input\":{\"@type\":\"PropertyValueSpecification\",\"valueRequired\":true,\"valueName\":\"search_term_string\"}}],\"inLanguage\":\"es\"},{\"@type\":\"Organization\",\"@id\":\"https:\/\/www.unicomas.com\/#organization\",\"name\":\"UnicoMas\",\"url\":\"https:\/\/www.unicomas.com\/\",\"logo\":{\"@type\":\"ImageObject\",\"inLanguage\":\"es\",\"@id\":\"https:\/\/www.unicomas.com\/#\/schema\/logo\/image\/\",\"url\":\"https:\/\/www.unicomas.com\/wp-content\/uploads\/2025\/07\/uni-comas-logo-scaled.png\",\"contentUrl\":\"https:\/\/www.unicomas.com\/wp-content\/uploads\/2025\/07\/uni-comas-logo-scaled.png\",\"width\":2560,\"height\":574,\"caption\":\"UnicoMas\"},\"image\":{\"@id\":\"https:\/\/www.unicomas.com\/#\/schema\/logo\/image\/\"}}]}<\/script>\n<!-- \/ Yoast SEO plugin. -->","yoast_head_json":{"title":"Pol\u00edtica de Privacidad - UnicoMas","robots":{"index":"index","follow":"follow","max-snippet":"max-snippet:-1","max-image-preview":"max-image-preview:large","max-video-preview":"max-video-preview:-1"},"canonical":"https:\/\/www.unicomas.com\/?page_id=454","og_locale":"es_ES","og_type":"article","og_title":"Pol\u00edtica de Privacidad - UnicoMas","og_description":"Pol\u00edtica de Privacidad Acerca de Nosotros Nuestro sitio web est\u00e1 ubicado en: unicomas.com. Estamos comprometidos a proteger su privacidad y mantener segura su informaci\u00f3n personal cuando utiliza nuestro sitio web. Comentarios Cuando las personas dejan comentarios en nuestro sitio web, recopilamos la informaci\u00f3n que proporcionan en el formulario de comentarios, adem\u00e1s de su direcci\u00f3n IP [&hellip;]","og_url":"https:\/\/www.unicomas.com\/?page_id=454","og_site_name":"UnicoMas","article_modified_time":"2025-08-04T09:29:01+00:00","twitter_card":"summary_large_image","twitter_misc":{"Tiempo de lectura":"3 minutos"},"schema":{"@context":"https:\/\/schema.org","@graph":[{"@type":"WebPage","@id":"https:\/\/www.unicomas.com\/?page_id=454","url":"https:\/\/www.unicomas.com\/?page_id=454","name":"Pol\u00edtica de Privacidad - UnicoMas","isPartOf":{"@id":"https:\/\/www.unicomas.com\/#website"},"datePublished":"2025-08-04T03:01:43+00:00","dateModified":"2025-08-04T09:29:01+00:00","breadcrumb":{"@id":"https:\/\/www.unicomas.com\/?page_id=454#breadcrumb"},"inLanguage":"es","potentialAction":[{"@type":"ReadAction","target":["https:\/\/www.unicomas.com\/?page_id=454"]}]},{"@type":"BreadcrumbList","@id":"https:\/\/www.unicomas.com\/?page_id=454#breadcrumb","itemListElement":[{"@type":"ListItem","position":1,"name":"Home","item":"https:\/\/www.unicomas.com\/"},{"@type":"ListItem","position":2,"name":"Pol\u00edtica de Privacidad"}]},{"@type":"WebSite","@id":"https:\/\/www.unicomas.com\/#website","url":"https:\/\/www.unicomas.com\/","name":"UnicoMas","description":"","publisher":{"@id":"https:\/\/www.unicomas.com\/#organization"},"potentialAction":[{"@type":"SearchAction","target":{"@type":"EntryPoint","urlTemplate":"https:\/\/www.unicomas.com\/?s={search_term_string}"},"query-input":{"@type":"PropertyValueSpecification","valueRequired":true,"valueName":"search_term_string"}}],"inLanguage":"es"},{"@type":"Organization","@id":"https:\/\/www.unicomas.com\/#organization","name":"UnicoMas","url":"https:\/\/www.unicomas.com\/","logo":{"@type":"ImageObject","inLanguage":"es","@id":"https:\/\/www.unicomas.com\/#\/schema\/logo\/image\/","url":"https:\/\/www.unicomas.com\/wp-content\/uploads\/2025\/07\/uni-comas-logo-scaled.png","contentUrl":"https:\/\/www.unicomas.com\/wp-content\/uploads\/2025\/07\/uni-comas-logo-scaled.png","width":2560,"height":574,"caption":"UnicoMas"},"image":{"@id":"https:\/\/www.unicomas.com\/#\/schema\/logo\/image\/"}}]}},"_links":{"self":[{"href":"https:\/\/www.unicomas.com\/index.php?rest_route=\/wp\/v2\/pages\/454","targetHints":{"allow":["GET"]}}],"collection":[{"href":"https:\/\/www.unicomas.com\/index.php?rest_route=\/wp\/v2\/pages"}],"about":[{"href":"https:\/\/www.unicomas.com\/index.php?rest_route=\/wp\/v2\/types\/page"}],"author":[{"embeddable":true,"href":"https:\/\/www.unicomas.com\/index.php?rest_route=\/wp\/v2\/users\/3"}],"replies":[{"embeddable":true,"href":"https:\/\/www.unicomas.com\/index.php?rest_route=%2Fwp%2Fv2%2Fcomments&post=454"}],"version-history":[{"count":5,"href":"https:\/\/www.unicomas.com\/index.php?rest_route=\/wp\/v2\/pages\/454\/revisions"}],"predecessor-version":[{"id":545,"href":"https:\/\/www.unicomas.com\/index.php?rest_route=\/wp\/v2\/pages\/454\/revisions\/545"}],"wp:attachment":[{"href":"https:\/\/www.unicomas.com\/index.php?rest_route=%2Fwp%2Fv2%2Fmedia&parent=454"}],"curies":[{"name":"wp","href":"https:\/\/api.w.org\/{rel}","templated":true}]}}