{"id":442,"date":"2025-08-04T02:59:28","date_gmt":"2025-08-04T02:59:28","guid":{"rendered":"https:\/\/www.unicomas.com\/?page_id=442"},"modified":"2025-08-04T08:50:20","modified_gmt":"2025-08-04T08:50:20","slug":"about-us","status":"publish","type":"page","link":"https:\/\/www.unicomas.com\/?page_id=442","title":{"rendered":"Acerca de nosotros"},"content":{"rendered":"\t\t<div data-elementor-type=\"wp-page\" data-elementor-id=\"442\" class=\"elementor elementor-442\" data-elementor-post-type=\"page\">\n\t\t\t\t<div class=\"elementor-element elementor-element-8e6f54b e-flex e-con-boxed e-con e-parent\" data-id=\"8e6f54b\" data-element_type=\"container\">\n\t\t\t\t\t<div class=\"e-con-inner\">\n\t\t\t\t<div class=\"elementor-element elementor-element-bedc372 elementor-widget elementor-widget-heading\" data-id=\"bedc372\" data-element_type=\"widget\" data-widget_type=\"heading.default\">\n\t\t\t\t\t<h2 class=\"elementor-heading-title elementor-size-default\">Acerca de nosotros\n<\/h2>\t\t\t\t<\/div>\n\t\t\t\t<div class=\"elementor-element elementor-element-a64e48f elementor-widget elementor-widget-text-editor\" data-id=\"a64e48f\" data-element_type=\"widget\" data-widget_type=\"text-editor.default\">\n\t\t\t\t\t\t\t\t\t<p>Unicomas se establece como tu destino confiable para consejos expertos de productos que transforman tu experiencia de compra. M\u00e1s all\u00e1 de rese\u00f1as b\u00e1sicas de productos, proporcionamos recomendaciones profesionales profundamente investigadas que mejoran tus decisiones de compra y tu vida diaria.<\/p>\t\t\t\t\t\t\t\t<\/div>\n\t\t\t\t<div class=\"elementor-element elementor-element-b6ab73c elementor-widget elementor-widget-heading\" data-id=\"b6ab73c\" data-element_type=\"widget\" data-widget_type=\"heading.default\">\n\t\t\t\t\t<h2 class=\"elementor-heading-title elementor-size-default\">Nuestra Base Experta\n<\/h2>\t\t\t\t<\/div>\n\t\t\t\t<div class=\"elementor-element elementor-element-2b80813 elementor-widget elementor-widget-text-editor\" data-id=\"2b80813\" data-element_type=\"widget\" data-widget_type=\"text-editor.default\">\n\t\t\t\t\t\t\t\t\t<p>Nuestro equipo est\u00e1 compuesto por profesionales experimentados de la industria, especialistas en tecnolog\u00eda y defensores del consumidor unidos por una misi\u00f3n: guiarte hacia productos que realmente valen tu inversi\u00f3n. Con d\u00e9cadas de conocimiento combinado en varios sectores, nuestros expertos aseguran que cada recomendaci\u00f3n cumpla con nuestros exigentes est\u00e1ndares de calidad.<\/p>\t\t\t\t\t\t\t\t<\/div>\n\t\t\t\t<div class=\"elementor-element elementor-element-dfcc7aa elementor-widget elementor-widget-heading\" data-id=\"dfcc7aa\" data-element_type=\"widget\" data-widget_type=\"heading.default\">\n\t\t\t\t\t<h2 class=\"elementor-heading-title elementor-size-default\">La Promesa de Unicomas\n<\/h2>\t\t\t\t<\/div>\n\t\t\t\t<div class=\"elementor-element elementor-element-73b15e1 elementor-widget elementor-widget-text-editor\" data-id=\"73b15e1\" data-element_type=\"widget\" data-widget_type=\"text-editor.default\">\n\t\t\t\t\t\t\t\t\t<p><strong>Experiencia Inigualable<\/strong><\/p>\t\t\t\t\t\t\t\t<\/div>\n\t\t\t\t<div class=\"elementor-element elementor-element-0d24453 elementor-widget elementor-widget-text-editor\" data-id=\"0d24453\" data-element_type=\"widget\" data-widget_type=\"text-editor.default\">\n\t\t\t\t\t\t\t\t\t<ul><li>Especialistas con m\u00e1s de 15 a\u00f1os de experiencia directa en el campo<\/li><li>Educaci\u00f3n continua a trav\u00e9s de certificaciones industriales y capacitaci\u00f3n avanzada<\/li><li>Capacidades completas de an\u00e1lisis de mercado y pron\u00f3stico de tendencias<\/li><li>Experiencia profunda en tecnolog\u00edas emergentes<\/li><\/ul>\t\t\t\t\t\t\t\t<\/div>\n\t\t\t\t<div class=\"elementor-element elementor-element-f175a9c elementor-widget elementor-widget-text-editor\" data-id=\"f175a9c\" data-element_type=\"widget\" data-widget_type=\"text-editor.default\">\n\t\t\t\t\t\t\t\t\t<p><strong>Pruebas Integrales<\/strong><\/p>\t\t\t\t\t\t\t\t<\/div>\n\t\t\t\t<div class=\"elementor-element elementor-element-0020ed6 elementor-widget elementor-widget-text-editor\" data-id=\"0020ed6\" data-element_type=\"widget\" data-widget_type=\"text-editor.default\">\n\t\t\t\t\t\t\t\t\t<ul><li>Evaluaci\u00f3n de rendimiento en escenarios de uso de la vida real<\/li><li>Fases de prueba extendidas durante largos per\u00edodos de tiempo<\/li><li>An\u00e1lisis lado a lado con productos competidores<\/li><li>Confirmaci\u00f3n de laboratorio de terceros de las especificaciones del producto<\/li><\/ul>\t\t\t\t\t\t\t\t<\/div>\n\t\t\t\t<div class=\"elementor-element elementor-element-0eacfcf elementor-widget elementor-widget-text-editor\" data-id=\"0eacfcf\" data-element_type=\"widget\" data-widget_type=\"text-editor.default\">\n\t\t\t\t\t\t\t\t\t<p><strong>Objetividad Absoluta<\/strong><\/p>\t\t\t\t\t\t\t\t<\/div>\n\t\t\t\t<div class=\"elementor-element elementor-element-a1022d2 elementor-widget elementor-widget-text-editor\" data-id=\"a1022d2\" data-element_type=\"widget\" data-widget_type=\"text-editor.default\">\n\t\t\t\t\t\t\t\t\t<ul><li>Todos los productos comprados independientemente para asegurar evaluaci\u00f3n justa<\/li><li>No se acepta contenido patrocinado o promociones pagadas<\/li><li>Procedimientos de prueba completamente transparentes<\/li><li>Criterios de evaluaci\u00f3n consistentes para todos los productos<\/li><\/ul>\t\t\t\t\t\t\t\t<\/div>\n\t\t\t\t<div class=\"elementor-element elementor-element-39ae0d4 elementor-widget elementor-widget-text-editor\" data-id=\"39ae0d4\" data-element_type=\"widget\" data-widget_type=\"text-editor.default\">\n\t\t\t\t\t\t\t\t\t<p><strong>Est\u00e1ndares de Elite<\/strong><\/p>\t\t\t\t\t\t\t\t<\/div>\n\t\t\t\t<div class=\"elementor-element elementor-element-fa9153e elementor-widget elementor-widget-text-editor\" data-id=\"fa9153e\" data-element_type=\"widget\" data-widget_type=\"text-editor.default\">\n\t\t\t\t\t\t\t\t\t<ul><li>Supervisi\u00f3n estricta durante todo el proceso de revisi\u00f3n<\/li><li>M\u00e9todos de prueba avanzados para resultados precisos<\/li><li>Evaluaci\u00f3n completa del valor y m\u00e9rito del producto<\/li><li>Investigaci\u00f3n de mercado continua y actualizaciones de datos<\/li><\/ul>\t\t\t\t\t\t\t\t<\/div>\n\t\t\t\t<div class=\"elementor-element elementor-element-985a89a elementor-widget elementor-widget-text-editor\" data-id=\"985a89a\" data-element_type=\"widget\" data-widget_type=\"text-editor.default\">\n\t\t\t\t\t\t\t\t\t<p><strong>Actualidad del Mercado<\/strong><\/p>\t\t\t\t\t\t\t\t<\/div>\n\t\t\t\t<div class=\"elementor-element elementor-element-70618bc elementor-widget elementor-widget-text-editor\" data-id=\"70618bc\" data-element_type=\"widget\" data-widget_type=\"text-editor.default\">\n\t\t\t\t\t\t\t\t\t<ul><li>Detalles del producto actualizados semanalmente con nueva informaci\u00f3n<\/li><li>Seguimiento continuo de cambios de precios y ofertas<\/li><li>Investigaci\u00f3n sobre desarrollos emergentes del mercado<\/li><li>Consejos oportunos para necesidades de compra estacionales<\/li><\/ul>\t\t\t\t\t\t\t\t<\/div>\n\t\t\t\t<div class=\"elementor-element elementor-element-dcefd40 elementor-widget elementor-widget-text-editor\" data-id=\"dcefd40\" data-element_type=\"widget\" data-widget_type=\"text-editor.default\">\n\t\t\t\t\t\t\t\t\t<p><strong>Enfoque Centrado en el Usuario<\/strong><\/p>\t\t\t\t\t\t\t\t<\/div>\n\t\t\t\t<div class=\"elementor-element elementor-element-b6ea590 elementor-widget elementor-widget-text-editor\" data-id=\"b6ea590\" data-element_type=\"widget\" data-widget_type=\"text-editor.default\">\n\t\t\t\t\t\t\t\t\t<ul><li class=\"whitespace-normal break-words\">Pruebas basadas en situaciones de uso diario real<\/li><li class=\"whitespace-normal break-words\">Consejos de compra completos y recomendaciones<\/li><li class=\"whitespace-normal break-words\">Coincidencias de productos personalizadas para tus necesidades<\/li><li class=\"whitespace-normal break-words\">Perspectivas genuinas de experiencias reales de usuario<\/li><\/ul>\t\t\t\t\t\t\t\t<\/div>\n\t\t\t\t<div class=\"elementor-element elementor-element-b107e31 elementor-widget elementor-widget-text-editor\" data-id=\"b107e31\" data-element_type=\"widget\" data-widget_type=\"text-editor.default\">\n\t\t\t\t\t\t\t\t\t<p><strong>Nuestro Compromiso con la Excelencia<\/strong><\/p>\t\t\t\t\t\t\t\t<\/div>\n\t\t\t\t<div class=\"elementor-element elementor-element-98ce3e6 elementor-widget elementor-widget-text-editor\" data-id=\"98ce3e6\" data-element_type=\"widget\" data-widget_type=\"text-editor.default\">\n\t\t\t\t\t\t\t\t\t<p>Cada rese\u00f1a, comparaci\u00f3n y recomendaci\u00f3n en Unicomas refleja nuestra fuerte dedicaci\u00f3n a la excelencia. Combinamos amplia experiencia t\u00e9cnica con pruebas exhaustivas del mundo real para proporcionar consejos confiables. Nuestro compromiso con la investigaci\u00f3n cuidadosa y el an\u00e1lisis imparcial asegura que puedas tomar decisiones de compra inteligentes y confiadas cada vez.<\/p><p>\u00a0<\/p><p>Cuando eliges Unicomas, obtienes mucho m\u00e1s que rese\u00f1as b\u00e1sicas de productos: obtienes acceso a un recurso integral respaldado por profesionales de la industria que entienden tus necesidades y valoran tu confianza. Nos mantenemos comprometidos a mantener los m\u00e1s altos est\u00e1ndares de integridad y experiencia en todo lo que hacemos.<\/p><p>\u00a0<\/p>\t\t\t\t\t\t\t\t<\/div>\n\t\t\t\t\t<\/div>\n\t\t\t\t<\/div>\n\t\t\t\t<\/div>\n\t\t","protected":false},"excerpt":{"rendered":"<p>Acerca de nosotros Unicomas se establece como tu destino confiable para consejos expertos de productos que transforman tu experiencia de compra. M\u00e1s all\u00e1 de rese\u00f1as b\u00e1sicas de productos, proporcionamos recomendaciones profesionales profundamente investigadas que mejoran tus decisiones de compra y tu vida diaria. Nuestra Base Experta Nuestro equipo est\u00e1 compuesto por profesionales experimentados de la [&hellip;]<\/p>\n","protected":false},"author":3,"featured_media":0,"parent":0,"menu_order":0,"comment_status":"closed","ping_status":"closed","template":"elementor_header_footer","meta":{"_acf_changed":false,"footnotes":""},"class_list":["post-442","page","type-page","status-publish","hentry"],"acf":[],"yoast_head":"<!-- This site is optimized with the Yoast SEO plugin v25.5 - https:\/\/yoast.com\/wordpress\/plugins\/seo\/ -->\n<title>Acerca de nosotros - UnicoMas<\/title>\n<meta name=\"robots\" content=\"index, follow, max-snippet:-1, max-image-preview:large, max-video-preview:-1\" \/>\n<link rel=\"canonical\" href=\"https:\/\/www.unicomas.com\/?page_id=442\" \/>\n<meta property=\"og:locale\" content=\"es_ES\" \/>\n<meta property=\"og:type\" content=\"article\" \/>\n<meta property=\"og:title\" content=\"Acerca de nosotros - UnicoMas\" \/>\n<meta property=\"og:description\" content=\"Acerca de nosotros Unicomas se establece como tu destino confiable para consejos expertos de productos que transforman tu experiencia de compra. M\u00e1s all\u00e1 de rese\u00f1as b\u00e1sicas de productos, proporcionamos recomendaciones profesionales profundamente investigadas que mejoran tus decisiones de compra y tu vida diaria. Nuestra Base Experta Nuestro equipo est\u00e1 compuesto por profesionales experimentados de la [&hellip;]\" \/>\n<meta property=\"og:url\" content=\"https:\/\/www.unicomas.com\/?page_id=442\" \/>\n<meta property=\"og:site_name\" content=\"UnicoMas\" \/>\n<meta property=\"article:modified_time\" content=\"2025-08-04T08:50:20+00:00\" \/>\n<meta name=\"twitter:card\" content=\"summary_large_image\" \/>\n<meta name=\"twitter:label1\" content=\"Tiempo de lectura\" \/>\n\t<meta name=\"twitter:data1\" content=\"2 minutos\" \/>\n<script type=\"application\/ld+json\" class=\"yoast-schema-graph\">{\"@context\":\"https:\/\/schema.org\",\"@graph\":[{\"@type\":\"WebPage\",\"@id\":\"https:\/\/www.unicomas.com\/?page_id=442\",\"url\":\"https:\/\/www.unicomas.com\/?page_id=442\",\"name\":\"Acerca de nosotros - UnicoMas\",\"isPartOf\":{\"@id\":\"https:\/\/www.unicomas.com\/#website\"},\"datePublished\":\"2025-08-04T02:59:28+00:00\",\"dateModified\":\"2025-08-04T08:50:20+00:00\",\"breadcrumb\":{\"@id\":\"https:\/\/www.unicomas.com\/?page_id=442#breadcrumb\"},\"inLanguage\":\"es\",\"potentialAction\":[{\"@type\":\"ReadAction\",\"target\":[\"https:\/\/www.unicomas.com\/?page_id=442\"]}]},{\"@type\":\"BreadcrumbList\",\"@id\":\"https:\/\/www.unicomas.com\/?page_id=442#breadcrumb\",\"itemListElement\":[{\"@type\":\"ListItem\",\"position\":1,\"name\":\"Home\",\"item\":\"https:\/\/www.unicomas.com\/\"},{\"@type\":\"ListItem\",\"position\":2,\"name\":\"Acerca de nosotros\"}]},{\"@type\":\"WebSite\",\"@id\":\"https:\/\/www.unicomas.com\/#website\",\"url\":\"https:\/\/www.unicomas.com\/\",\"name\":\"UnicoMas\",\"description\":\"\",\"publisher\":{\"@id\":\"https:\/\/www.unicomas.com\/#organization\"},\"potentialAction\":[{\"@type\":\"SearchAction\",\"target\":{\"@type\":\"EntryPoint\",\"urlTemplate\":\"https:\/\/www.unicomas.com\/?s={search_term_string}\"},\"query-input\":{\"@type\":\"PropertyValueSpecification\",\"valueRequired\":true,\"valueName\":\"search_term_string\"}}],\"inLanguage\":\"es\"},{\"@type\":\"Organization\",\"@id\":\"https:\/\/www.unicomas.com\/#organization\",\"name\":\"UnicoMas\",\"url\":\"https:\/\/www.unicomas.com\/\",\"logo\":{\"@type\":\"ImageObject\",\"inLanguage\":\"es\",\"@id\":\"https:\/\/www.unicomas.com\/#\/schema\/logo\/image\/\",\"url\":\"https:\/\/www.unicomas.com\/wp-content\/uploads\/2025\/07\/uni-comas-logo-scaled.png\",\"contentUrl\":\"https:\/\/www.unicomas.com\/wp-content\/uploads\/2025\/07\/uni-comas-logo-scaled.png\",\"width\":2560,\"height\":574,\"caption\":\"UnicoMas\"},\"image\":{\"@id\":\"https:\/\/www.unicomas.com\/#\/schema\/logo\/image\/\"}}]}<\/script>\n<!-- \/ Yoast SEO plugin. -->","yoast_head_json":{"title":"Acerca de nosotros - UnicoMas","robots":{"index":"index","follow":"follow","max-snippet":"max-snippet:-1","max-image-preview":"max-image-preview:large","max-video-preview":"max-video-preview:-1"},"canonical":"https:\/\/www.unicomas.com\/?page_id=442","og_locale":"es_ES","og_type":"article","og_title":"Acerca de nosotros - UnicoMas","og_description":"Acerca de nosotros Unicomas se establece como tu destino confiable para consejos expertos de productos que transforman tu experiencia de compra. M\u00e1s all\u00e1 de rese\u00f1as b\u00e1sicas de productos, proporcionamos recomendaciones profesionales profundamente investigadas que mejoran tus decisiones de compra y tu vida diaria. Nuestra Base Experta Nuestro equipo est\u00e1 compuesto por profesionales experimentados de la [&hellip;]","og_url":"https:\/\/www.unicomas.com\/?page_id=442","og_site_name":"UnicoMas","article_modified_time":"2025-08-04T08:50:20+00:00","twitter_card":"summary_large_image","twitter_misc":{"Tiempo de lectura":"2 minutos"},"schema":{"@context":"https:\/\/schema.org","@graph":[{"@type":"WebPage","@id":"https:\/\/www.unicomas.com\/?page_id=442","url":"https:\/\/www.unicomas.com\/?page_id=442","name":"Acerca de nosotros - UnicoMas","isPartOf":{"@id":"https:\/\/www.unicomas.com\/#website"},"datePublished":"2025-08-04T02:59:28+00:00","dateModified":"2025-08-04T08:50:20+00:00","breadcrumb":{"@id":"https:\/\/www.unicomas.com\/?page_id=442#breadcrumb"},"inLanguage":"es","potentialAction":[{"@type":"ReadAction","target":["https:\/\/www.unicomas.com\/?page_id=442"]}]},{"@type":"BreadcrumbList","@id":"https:\/\/www.unicomas.com\/?page_id=442#breadcrumb","itemListElement":[{"@type":"ListItem","position":1,"name":"Home","item":"https:\/\/www.unicomas.com\/"},{"@type":"ListItem","position":2,"name":"Acerca de nosotros"}]},{"@type":"WebSite","@id":"https:\/\/www.unicomas.com\/#website","url":"https:\/\/www.unicomas.com\/","name":"UnicoMas","description":"","publisher":{"@id":"https:\/\/www.unicomas.com\/#organization"},"potentialAction":[{"@type":"SearchAction","target":{"@type":"EntryPoint","urlTemplate":"https:\/\/www.unicomas.com\/?s={search_term_string}"},"query-input":{"@type":"PropertyValueSpecification","valueRequired":true,"valueName":"search_term_string"}}],"inLanguage":"es"},{"@type":"Organization","@id":"https:\/\/www.unicomas.com\/#organization","name":"UnicoMas","url":"https:\/\/www.unicomas.com\/","logo":{"@type":"ImageObject","inLanguage":"es","@id":"https:\/\/www.unicomas.com\/#\/schema\/logo\/image\/","url":"https:\/\/www.unicomas.com\/wp-content\/uploads\/2025\/07\/uni-comas-logo-scaled.png","contentUrl":"https:\/\/www.unicomas.com\/wp-content\/uploads\/2025\/07\/uni-comas-logo-scaled.png","width":2560,"height":574,"caption":"UnicoMas"},"image":{"@id":"https:\/\/www.unicomas.com\/#\/schema\/logo\/image\/"}}]}},"_links":{"self":[{"href":"https:\/\/www.unicomas.com\/index.php?rest_route=\/wp\/v2\/pages\/442","targetHints":{"allow":["GET"]}}],"collection":[{"href":"https:\/\/www.unicomas.com\/index.php?rest_route=\/wp\/v2\/pages"}],"about":[{"href":"https:\/\/www.unicomas.com\/index.php?rest_route=\/wp\/v2\/types\/page"}],"author":[{"embeddable":true,"href":"https:\/\/www.unicomas.com\/index.php?rest_route=\/wp\/v2\/users\/3"}],"replies":[{"embeddable":true,"href":"https:\/\/www.unicomas.com\/index.php?rest_route=%2Fwp%2Fv2%2Fcomments&post=442"}],"version-history":[{"count":5,"href":"https:\/\/www.unicomas.com\/index.php?rest_route=\/wp\/v2\/pages\/442\/revisions"}],"predecessor-version":[{"id":533,"href":"https:\/\/www.unicomas.com\/index.php?rest_route=\/wp\/v2\/pages\/442\/revisions\/533"}],"wp:attachment":[{"href":"https:\/\/www.unicomas.com\/index.php?rest_route=%2Fwp%2Fv2%2Fmedia&parent=442"}],"curies":[{"name":"wp","href":"https:\/\/api.w.org\/{rel}","templated":true}]}}